{"id":368,"date":"2021-05-29T13:57:19","date_gmt":"2021-05-29T10:57:19","guid":{"rendered":"http:\/\/ustade.com\/product-family\/"},"modified":"2025-10-09T12:34:59","modified_gmt":"2025-10-09T09:34:59","slug":"product-family","status":"publish","type":"page","link":"https:\/\/ustade.com\/en\/product-family\/","title":{"rendered":"Product Family"},"content":{"rendered":"","protected":false},"excerpt":{"rendered":"","protected":false},"author":1,"featured_media":0,"parent":0,"menu_order":10,"comment_status":"closed","ping_status":"closed","template":"page-urunler.php","meta":{"_acf_changed":false,"footnotes":""},"class_list":["post-368","page","type-page","status-publish","hentry"],"acf":[],"yoast_head":"<!-- This site is optimized with the Yoast SEO plugin v27.4 - https:\/\/yoast.com\/product\/yoast-seo-wordpress\/ -->\n<title>Product Family - Ustade<\/title>\n<meta name=\"robots\" content=\"index, follow, max-snippet:-1, max-image-preview:large, max-video-preview:-1\" \/>\n<link rel=\"canonical\" href=\"https:\/\/ustade.com\/en\/product-family\/\" \/>\n<meta property=\"og:locale\" content=\"en_US\" \/>\n<meta property=\"og:type\" content=\"article\" \/>\n<meta property=\"og:title\" content=\"Product Family - Ustade\" \/>\n<meta property=\"og:url\" content=\"https:\/\/ustade.com\/en\/product-family\/\" \/>\n<meta property=\"og:site_name\" content=\"Ustade\" \/>\n<meta property=\"article:publisher\" content=\"https:\/\/www.facebook.com\/ustadecigkoftetr\/\" \/>\n<meta property=\"article:modified_time\" content=\"2025-10-09T09:34:59+00:00\" \/>\n<meta name=\"twitter:card\" content=\"summary_large_image\" \/>\n<meta name=\"twitter:site\" content=\"@ustadecigkofte\" \/>\n<script type=\"application\/ld+json\" class=\"yoast-schema-graph\">{\"@context\":\"https:\\\/\\\/schema.org\",\"@graph\":[{\"@type\":\"WebPage\",\"@id\":\"https:\\\/\\\/ustade.com\\\/en\\\/product-family\\\/\",\"url\":\"https:\\\/\\\/ustade.com\\\/en\\\/product-family\\\/\",\"name\":\"Product Family - Ustade\",\"isPartOf\":{\"@id\":\"https:\\\/\\\/ustade.com\\\/en\\\/#website\"},\"datePublished\":\"2021-05-29T10:57:19+00:00\",\"dateModified\":\"2025-10-09T09:34:59+00:00\",\"breadcrumb\":{\"@id\":\"https:\\\/\\\/ustade.com\\\/en\\\/product-family\\\/#breadcrumb\"},\"inLanguage\":\"en-US\",\"potentialAction\":[{\"@type\":\"ReadAction\",\"target\":[\"https:\\\/\\\/ustade.com\\\/en\\\/product-family\\\/\"]}]},{\"@type\":\"BreadcrumbList\",\"@id\":\"https:\\\/\\\/ustade.com\\\/en\\\/product-family\\\/#breadcrumb\",\"itemListElement\":[{\"@type\":\"ListItem\",\"position\":1,\"name\":\"Anasayfa\",\"item\":\"https:\\\/\\\/ustade.com\\\/en\\\/home\\\/\"},{\"@type\":\"ListItem\",\"position\":2,\"name\":\"Product Family\"}]},{\"@type\":\"WebSite\",\"@id\":\"https:\\\/\\\/ustade.com\\\/en\\\/#website\",\"url\":\"https:\\\/\\\/ustade.com\\\/en\\\/\",\"name\":\"\u00dcstade | \u00c7i\u011f K\u00f6fte - Nohut D\u00fcr\u00fcm - Pizza Taban\u0131\",\"description\":\"Raw Meatballs - Chickpea Wrap - Pizza Base\",\"publisher\":{\"@id\":\"https:\\\/\\\/ustade.com\\\/en\\\/#organization\"},\"potentialAction\":[{\"@type\":\"SearchAction\",\"target\":{\"@type\":\"EntryPoint\",\"urlTemplate\":\"https:\\\/\\\/ustade.com\\\/en\\\/?s={search_term_string}\"},\"query-input\":{\"@type\":\"PropertyValueSpecification\",\"valueRequired\":true,\"valueName\":\"search_term_string\"}}],\"inLanguage\":\"en-US\"},{\"@type\":\"Organization\",\"@id\":\"https:\\\/\\\/ustade.com\\\/en\\\/#organization\",\"name\":\"\u00dcstade | \u00c7i\u011f K\u00f6fte - Nohut D\u00fcr\u00fcm - Pizza Taban\u0131\",\"url\":\"https:\\\/\\\/ustade.com\\\/en\\\/\",\"logo\":{\"@type\":\"ImageObject\",\"inLanguage\":\"en-US\",\"@id\":\"https:\\\/\\\/ustade.com\\\/en\\\/#\\\/schema\\\/logo\\\/image\\\/\",\"url\":\"https:\\\/\\\/ustade.com\\\/wp-content\\\/uploads\\\/2021\\\/04\\\/logo.svg\",\"contentUrl\":\"https:\\\/\\\/ustade.com\\\/wp-content\\\/uploads\\\/2021\\\/04\\\/logo.svg\",\"width\":316,\"height\":99,\"caption\":\"\u00dcstade | \u00c7i\u011f K\u00f6fte - Nohut D\u00fcr\u00fcm - Pizza Taban\u0131\"},\"image\":{\"@id\":\"https:\\\/\\\/ustade.com\\\/en\\\/#\\\/schema\\\/logo\\\/image\\\/\"},\"sameAs\":[\"https:\\\/\\\/www.facebook.com\\\/ustadecigkoftetr\\\/\",\"https:\\\/\\\/x.com\\\/ustadecigkofte\",\"https:\\\/\\\/www.instagram.com\\\/ustadelezzetleri\\\/\"]}]}<\/script>\n<!-- \/ Yoast SEO plugin. -->","yoast_head_json":{"title":"Product Family - Ustade","robots":{"index":"index","follow":"follow","max-snippet":"max-snippet:-1","max-image-preview":"max-image-preview:large","max-video-preview":"max-video-preview:-1"},"canonical":"https:\/\/ustade.com\/en\/product-family\/","og_locale":"en_US","og_type":"article","og_title":"Product Family - Ustade","og_url":"https:\/\/ustade.com\/en\/product-family\/","og_site_name":"Ustade","article_publisher":"https:\/\/www.facebook.com\/ustadecigkoftetr\/","article_modified_time":"2025-10-09T09:34:59+00:00","twitter_card":"summary_large_image","twitter_site":"@ustadecigkofte","schema":{"@context":"https:\/\/schema.org","@graph":[{"@type":"WebPage","@id":"https:\/\/ustade.com\/en\/product-family\/","url":"https:\/\/ustade.com\/en\/product-family\/","name":"Product Family - Ustade","isPartOf":{"@id":"https:\/\/ustade.com\/en\/#website"},"datePublished":"2021-05-29T10:57:19+00:00","dateModified":"2025-10-09T09:34:59+00:00","breadcrumb":{"@id":"https:\/\/ustade.com\/en\/product-family\/#breadcrumb"},"inLanguage":"en-US","potentialAction":[{"@type":"ReadAction","target":["https:\/\/ustade.com\/en\/product-family\/"]}]},{"@type":"BreadcrumbList","@id":"https:\/\/ustade.com\/en\/product-family\/#breadcrumb","itemListElement":[{"@type":"ListItem","position":1,"name":"Anasayfa","item":"https:\/\/ustade.com\/en\/home\/"},{"@type":"ListItem","position":2,"name":"Product Family"}]},{"@type":"WebSite","@id":"https:\/\/ustade.com\/en\/#website","url":"https:\/\/ustade.com\/en\/","name":"\u00dcstade | \u00c7i\u011f K\u00f6fte - Nohut D\u00fcr\u00fcm - Pizza Taban\u0131","description":"Raw Meatballs - Chickpea Wrap - Pizza Base","publisher":{"@id":"https:\/\/ustade.com\/en\/#organization"},"potentialAction":[{"@type":"SearchAction","target":{"@type":"EntryPoint","urlTemplate":"https:\/\/ustade.com\/en\/?s={search_term_string}"},"query-input":{"@type":"PropertyValueSpecification","valueRequired":true,"valueName":"search_term_string"}}],"inLanguage":"en-US"},{"@type":"Organization","@id":"https:\/\/ustade.com\/en\/#organization","name":"\u00dcstade | \u00c7i\u011f K\u00f6fte - Nohut D\u00fcr\u00fcm - Pizza Taban\u0131","url":"https:\/\/ustade.com\/en\/","logo":{"@type":"ImageObject","inLanguage":"en-US","@id":"https:\/\/ustade.com\/en\/#\/schema\/logo\/image\/","url":"https:\/\/ustade.com\/wp-content\/uploads\/2021\/04\/logo.svg","contentUrl":"https:\/\/ustade.com\/wp-content\/uploads\/2021\/04\/logo.svg","width":316,"height":99,"caption":"\u00dcstade | \u00c7i\u011f K\u00f6fte - Nohut D\u00fcr\u00fcm - Pizza Taban\u0131"},"image":{"@id":"https:\/\/ustade.com\/en\/#\/schema\/logo\/image\/"},"sameAs":["https:\/\/www.facebook.com\/ustadecigkoftetr\/","https:\/\/x.com\/ustadecigkofte","https:\/\/www.instagram.com\/ustadelezzetleri\/"]}]}},"_links":{"self":[{"href":"https:\/\/ustade.com\/en\/wp-json\/wp\/v2\/pages\/368","targetHints":{"allow":["GET"]}}],"collection":[{"href":"https:\/\/ustade.com\/en\/wp-json\/wp\/v2\/pages"}],"about":[{"href":"https:\/\/ustade.com\/en\/wp-json\/wp\/v2\/types\/page"}],"author":[{"embeddable":true,"href":"https:\/\/ustade.com\/en\/wp-json\/wp\/v2\/users\/1"}],"replies":[{"embeddable":true,"href":"https:\/\/ustade.com\/en\/wp-json\/wp\/v2\/comments?post=368"}],"version-history":[{"count":9,"href":"https:\/\/ustade.com\/en\/wp-json\/wp\/v2\/pages\/368\/revisions"}],"predecessor-version":[{"id":1761,"href":"https:\/\/ustade.com\/en\/wp-json\/wp\/v2\/pages\/368\/revisions\/1761"}],"wp:attachment":[{"href":"https:\/\/ustade.com\/en\/wp-json\/wp\/v2\/media?parent=368"}],"curies":[{"name":"wp","href":"https:\/\/api.w.org\/{rel}","templated":true}]}}