{"id":1783,"date":"2025-10-09T13:33:08","date_gmt":"2025-10-09T10:33:08","guid":{"rendered":"https:\/\/ustade.com\/?page_id=1783"},"modified":"2025-10-09T13:33:08","modified_gmt":"2025-10-09T10:33:08","slug":"cookie-richtlinie","status":"publish","type":"page","link":"https:\/\/ustade.com\/de\/cookie-richtlinie\/","title":{"rendered":"Cookie-Richtlinie"},"content":{"rendered":"<h1>Cookie-Richtlinie<\/h1>\n<p>Diese Cookie-Richtlinie erkl\u00e4rt, wie wir als Ustade (im Folgenden als &#8222;Unternehmen&#8220;, &#8222;wir&#8220;, &#8222;uns&#8220; bezeichnet) Cookies verwenden, um Ihr Erlebnis auf unserer Website zu verbessern und zu verstehen, wie unsere Website genutzt wird.<\/p>\n<p><b>Was sind Cookies?<\/b><\/p>\n<p>Cookies sind kleine Textdateien, die \u00fcber Ihren Browser auf Ihrem Ger\u00e4t (Computer, Tablet, Smartphone usw.) gespeichert werden, wenn Sie eine Website besuchen. Cookies erm\u00f6glichen es der Website, sich an Sie zu erinnern und Ihnen ein besseres Erlebnis zu bieten.<\/p>\n<p><b>Welche Arten von Cookies verwenden wir?<\/b><\/p>\n<p>Wir verwenden auf unserer Website verschiedene Arten von Cookies f\u00fcr unterschiedliche Zwecke:<\/p>\n<ul>\n<li>\n<p><b>Unbedingt notwendige Cookies (Zorunlu \u00c7erezler):<\/b> Sie sind f\u00fcr die Grundfunktionen unserer Website erforderlich. Sie erm\u00f6glichen es Ihnen beispielsweise, sich anzumelden, Produkte in Ihren Warenkorb zu legen oder auf der Website zu navigieren. Ohne diese Cookies kann unsere Website nicht ordnungsgem\u00e4\u00df funktionieren.<\/p>\n<\/li>\n<li>\n<p><b>Leistungs- und Analyse-Cookies (Performans ve Analiz \u00c7erezleri):<\/b> Sie helfen uns zu verstehen, wie unsere Website genutzt wird (welche Seiten am h\u00e4ufigsten besucht werden, welche Produkte beliebt sind usw.). Diese Daten werden zur kontinuierlichen Verbesserung unserer Website verwendet.<\/p>\n<\/li>\n<li>\n<p><b>Funktionale Cookies (Fonksiyonel \u00c7erezler):<\/b> Sie erm\u00f6glichen es unserer Website, sich an Ihre Einstellungen (wie Ihre Sprachpr\u00e4ferenz) zu erinnern und Ihnen ein personalisierteres Erlebnis zu bieten.<\/p>\n<\/li>\n<li>\n<p><b>Werbe- und Marketing-Cookies (Reklam ve Pazarlama \u00c7erezleri):<\/b> Sie werden verwendet, um Ihnen auf Ihre Interessen zugeschnittene Werbung anzuzeigen. Diese Cookies k\u00f6nnen von unseren Werbepartnern platziert werden.<\/p>\n<\/li>\n<\/ul>\n<p><b>Wie k\u00f6nnen Sie Cookies kontrollieren?<\/b><\/p>\n<p>Die meisten Webbrowser akzeptieren Cookies automatisch, aber Sie k\u00f6nnen Ihre Browsereinstellungen \u00e4ndern, um Cookies abzulehnen oder benachrichtigt zu werden, wenn ein Cookie auf Ihrem Ger\u00e4t platziert wird. Das Deaktivieren von Cookies kann jedoch dazu f\u00fchren, dass einige Funktionen unserer Website nicht ordnungsgem\u00e4\u00df funktionieren.<\/p>\n<p>Sie k\u00f6nnen die folgenden Links verwenden, um Cookies \u00fcber Ihre Browsereinstellungen zu verwalten:<\/p>\n<ul>\n<li>\n<p><b>Google Chrome:<\/b> <a class=\"ng-star-inserted\" href=\"https:\/\/support.google.com\/chrome\/answer\/95647\" target=\"_blank\" rel=\"noopener noreferrer nofollow\">https:\/\/support.google.com\/chrome\/answer\/95647<\/a><\/p>\n<\/li>\n<li>\n<p><b>Mozilla Firefox:<\/b> <a class=\"ng-star-inserted\" href=\"https:\/\/support.mozilla.org\/tr\/kb\/cerezleri-silme-ve-engelleme\" target=\"_blank\" rel=\"noopener noreferrer nofollow\">https:\/\/support.mozilla.org\/tr\/kb\/cerezleri-silme-ve-engelleme<\/a><\/p>\n<\/li>\n<li>\n<p><b>Microsoft Edge:<\/b> <a class=\"ng-star-inserted\" href=\"https:\/\/support.microsoft.com\/tr-tr\/microsoft-edge\/microsoft-edge-g%C3%B6zatma-verilerini-silme-08304918-028c-bf53-e91b-68953110e5f2\" target=\"_blank\" rel=\"noopener noreferrer nofollow\">https:\/\/support.microsoft.com\/tr-tr\/microsoft-edge\/microsoft-edge-g\u00f6zatma-verilerini-silme-08304918-028c-bf53-e91b-68953110e5f2<\/a><\/p>\n<\/li>\n<li>\n<p><b>Safari:<\/b> <a class=\"ng-star-inserted\" href=\"https:\/\/support.apple.com\/tr-tr\/guide\/safari\/sfri11471\/mac\" target=\"_blank\" rel=\"noopener noreferrer nofollow\">https:\/\/support.apple.com\/tr-tr\/guide\/safari\/sfri11471\/mac<\/a><\/p>\n<\/li>\n<\/ul>\n<p><b>Aktualisierungen der Richtlinie<\/b><\/p>\n<p>Wir k\u00f6nnen diese Cookie-Richtlinie von Zeit zu Zeit aktualisieren. Jede \u00c4nderung tritt mit der Ver\u00f6ffentlichung der aktualisierten Richtlinie auf unserer Website in Kraft.<\/p>\n<p><b>Kontakt<\/b><\/p>\n<p>Wenn Sie Fragen zu unserer Cookie-Richtlinie haben, kontaktieren Sie uns bitte.<\/p>\n","protected":false},"excerpt":{"rendered":"<p>Cookie-Richtlinie Diese Cookie-Richtlinie erkl\u00e4rt, wie wir als Ustade (im Folgenden als &#8222;Unternehmen&#8220;, &#8222;wir&#8220;, &#8222;uns&#8220; bezeichnet) Cookies verwenden, um Ihr Erlebnis auf unserer Website zu verbessern und zu verstehen, wie unsere Website genutzt wird. Was sind Cookies? Cookies sind kleine Textdateien, die \u00fcber Ihren Browser auf Ihrem Ger\u00e4t (Computer, Tablet, Smartphone usw.) gespeichert werden, wenn Sie [&hellip;]<\/p>\n","protected":false},"author":1,"featured_media":0,"parent":0,"menu_order":33,"comment_status":"closed","ping_status":"closed","template":"","meta":{"_acf_changed":false,"footnotes":""},"class_list":["post-1783","page","type-page","status-publish","hentry"],"acf":[],"yoast_head":"<!-- This site is optimized with the Yoast SEO plugin v27.5 - https:\/\/yoast.com\/product\/yoast-seo-wordpress\/ -->\n<title>Cookie-Richtlinie - Ustade<\/title>\n<meta name=\"robots\" content=\"index, follow, max-snippet:-1, max-image-preview:large, max-video-preview:-1\" \/>\n<link rel=\"canonical\" href=\"https:\/\/ustade.com\/de\/cookie-richtlinie\/\" \/>\n<meta property=\"og:locale\" content=\"de_DE\" \/>\n<meta property=\"og:type\" content=\"article\" \/>\n<meta property=\"og:title\" content=\"Cookie-Richtlinie - Ustade\" \/>\n<meta property=\"og:description\" content=\"Cookie-Richtlinie Diese Cookie-Richtlinie erkl\u00e4rt, wie wir als Ustade (im Folgenden als &#8222;Unternehmen&#8220;, &#8222;wir&#8220;, &#8222;uns&#8220; bezeichnet) Cookies verwenden, um Ihr Erlebnis auf unserer Website zu verbessern und zu verstehen, wie unsere Website genutzt wird. Was sind Cookies? Cookies sind kleine Textdateien, die \u00fcber Ihren Browser auf Ihrem Ger\u00e4t (Computer, Tablet, Smartphone usw.) gespeichert werden, wenn Sie [&hellip;]\" \/>\n<meta property=\"og:url\" content=\"https:\/\/ustade.com\/de\/cookie-richtlinie\/\" \/>\n<meta property=\"og:site_name\" content=\"Ustade\" \/>\n<meta property=\"article:publisher\" content=\"https:\/\/www.facebook.com\/ustadecigkoftetr\/\" \/>\n<meta name=\"twitter:card\" content=\"summary_large_image\" \/>\n<meta name=\"twitter:site\" content=\"@ustadecigkofte\" \/>\n<meta name=\"twitter:label1\" content=\"Gesch\u00e4tzte Lesezeit\" \/>\n\t<meta name=\"twitter:data1\" content=\"2\u00a0Minuten\" \/>\n<script type=\"application\/ld+json\" class=\"yoast-schema-graph\">{\"@context\":\"https:\\\/\\\/schema.org\",\"@graph\":[{\"@type\":\"WebPage\",\"@id\":\"https:\\\/\\\/ustade.com\\\/de\\\/cookie-richtlinie\\\/\",\"url\":\"https:\\\/\\\/ustade.com\\\/de\\\/cookie-richtlinie\\\/\",\"name\":\"Cookie-Richtlinie - Ustade\",\"isPartOf\":{\"@id\":\"https:\\\/\\\/ustade.com\\\/de\\\/#website\"},\"datePublished\":\"2025-10-09T10:33:08+00:00\",\"breadcrumb\":{\"@id\":\"https:\\\/\\\/ustade.com\\\/de\\\/cookie-richtlinie\\\/#breadcrumb\"},\"inLanguage\":\"de\",\"potentialAction\":[{\"@type\":\"ReadAction\",\"target\":[\"https:\\\/\\\/ustade.com\\\/de\\\/cookie-richtlinie\\\/\"]}]},{\"@type\":\"BreadcrumbList\",\"@id\":\"https:\\\/\\\/ustade.com\\\/de\\\/cookie-richtlinie\\\/#breadcrumb\",\"itemListElement\":[{\"@type\":\"ListItem\",\"position\":1,\"name\":\"Anasayfa\",\"item\":\"https:\\\/\\\/ustade.com\\\/de\\\/home\\\/\"},{\"@type\":\"ListItem\",\"position\":2,\"name\":\"Cookie-Richtlinie\"}]},{\"@type\":\"WebSite\",\"@id\":\"https:\\\/\\\/ustade.com\\\/de\\\/#website\",\"url\":\"https:\\\/\\\/ustade.com\\\/de\\\/\",\"name\":\"\u00dcstade | \u00c7i\u011f K\u00f6fte - Nohut D\u00fcr\u00fcm - Pizza Taban\u0131\",\"description\":\"Rohe K\u00f6fte \u2013 Kichererbsen-D\u00fcr\u00fcm \u2013 Pizzaboden\",\"publisher\":{\"@id\":\"https:\\\/\\\/ustade.com\\\/de\\\/#organization\"},\"potentialAction\":[{\"@type\":\"SearchAction\",\"target\":{\"@type\":\"EntryPoint\",\"urlTemplate\":\"https:\\\/\\\/ustade.com\\\/de\\\/?s={search_term_string}\"},\"query-input\":{\"@type\":\"PropertyValueSpecification\",\"valueRequired\":true,\"valueName\":\"search_term_string\"}}],\"inLanguage\":\"de\"},{\"@type\":\"Organization\",\"@id\":\"https:\\\/\\\/ustade.com\\\/de\\\/#organization\",\"name\":\"\u00dcstade | \u00c7i\u011f K\u00f6fte - Nohut D\u00fcr\u00fcm - Pizza Taban\u0131\",\"url\":\"https:\\\/\\\/ustade.com\\\/de\\\/\",\"logo\":{\"@type\":\"ImageObject\",\"inLanguage\":\"de\",\"@id\":\"https:\\\/\\\/ustade.com\\\/de\\\/#\\\/schema\\\/logo\\\/image\\\/\",\"url\":\"https:\\\/\\\/ustade.com\\\/wp-content\\\/uploads\\\/2021\\\/04\\\/logo.svg\",\"contentUrl\":\"https:\\\/\\\/ustade.com\\\/wp-content\\\/uploads\\\/2021\\\/04\\\/logo.svg\",\"width\":316,\"height\":99,\"caption\":\"\u00dcstade | \u00c7i\u011f K\u00f6fte - Nohut D\u00fcr\u00fcm - Pizza Taban\u0131\"},\"image\":{\"@id\":\"https:\\\/\\\/ustade.com\\\/de\\\/#\\\/schema\\\/logo\\\/image\\\/\"},\"sameAs\":[\"https:\\\/\\\/www.facebook.com\\\/ustadecigkoftetr\\\/\",\"https:\\\/\\\/x.com\\\/ustadecigkofte\",\"https:\\\/\\\/www.instagram.com\\\/ustadelezzetleri\\\/\"]}]}<\/script>\n<!-- \/ Yoast SEO plugin. -->","yoast_head_json":{"title":"Cookie-Richtlinie - Ustade","robots":{"index":"index","follow":"follow","max-snippet":"max-snippet:-1","max-image-preview":"max-image-preview:large","max-video-preview":"max-video-preview:-1"},"canonical":"https:\/\/ustade.com\/de\/cookie-richtlinie\/","og_locale":"de_DE","og_type":"article","og_title":"Cookie-Richtlinie - Ustade","og_description":"Cookie-Richtlinie Diese Cookie-Richtlinie erkl\u00e4rt, wie wir als Ustade (im Folgenden als &#8222;Unternehmen&#8220;, &#8222;wir&#8220;, &#8222;uns&#8220; bezeichnet) Cookies verwenden, um Ihr Erlebnis auf unserer Website zu verbessern und zu verstehen, wie unsere Website genutzt wird. Was sind Cookies? Cookies sind kleine Textdateien, die \u00fcber Ihren Browser auf Ihrem Ger\u00e4t (Computer, Tablet, Smartphone usw.) gespeichert werden, wenn Sie [&hellip;]","og_url":"https:\/\/ustade.com\/de\/cookie-richtlinie\/","og_site_name":"Ustade","article_publisher":"https:\/\/www.facebook.com\/ustadecigkoftetr\/","twitter_card":"summary_large_image","twitter_site":"@ustadecigkofte","twitter_misc":{"Gesch\u00e4tzte Lesezeit":"2\u00a0Minuten"},"schema":{"@context":"https:\/\/schema.org","@graph":[{"@type":"WebPage","@id":"https:\/\/ustade.com\/de\/cookie-richtlinie\/","url":"https:\/\/ustade.com\/de\/cookie-richtlinie\/","name":"Cookie-Richtlinie - Ustade","isPartOf":{"@id":"https:\/\/ustade.com\/de\/#website"},"datePublished":"2025-10-09T10:33:08+00:00","breadcrumb":{"@id":"https:\/\/ustade.com\/de\/cookie-richtlinie\/#breadcrumb"},"inLanguage":"de","potentialAction":[{"@type":"ReadAction","target":["https:\/\/ustade.com\/de\/cookie-richtlinie\/"]}]},{"@type":"BreadcrumbList","@id":"https:\/\/ustade.com\/de\/cookie-richtlinie\/#breadcrumb","itemListElement":[{"@type":"ListItem","position":1,"name":"Anasayfa","item":"https:\/\/ustade.com\/de\/home\/"},{"@type":"ListItem","position":2,"name":"Cookie-Richtlinie"}]},{"@type":"WebSite","@id":"https:\/\/ustade.com\/de\/#website","url":"https:\/\/ustade.com\/de\/","name":"\u00dcstade | \u00c7i\u011f K\u00f6fte - Nohut D\u00fcr\u00fcm - Pizza Taban\u0131","description":"Rohe K\u00f6fte \u2013 Kichererbsen-D\u00fcr\u00fcm \u2013 Pizzaboden","publisher":{"@id":"https:\/\/ustade.com\/de\/#organization"},"potentialAction":[{"@type":"SearchAction","target":{"@type":"EntryPoint","urlTemplate":"https:\/\/ustade.com\/de\/?s={search_term_string}"},"query-input":{"@type":"PropertyValueSpecification","valueRequired":true,"valueName":"search_term_string"}}],"inLanguage":"de"},{"@type":"Organization","@id":"https:\/\/ustade.com\/de\/#organization","name":"\u00dcstade | \u00c7i\u011f K\u00f6fte - Nohut D\u00fcr\u00fcm - Pizza Taban\u0131","url":"https:\/\/ustade.com\/de\/","logo":{"@type":"ImageObject","inLanguage":"de","@id":"https:\/\/ustade.com\/de\/#\/schema\/logo\/image\/","url":"https:\/\/ustade.com\/wp-content\/uploads\/2021\/04\/logo.svg","contentUrl":"https:\/\/ustade.com\/wp-content\/uploads\/2021\/04\/logo.svg","width":316,"height":99,"caption":"\u00dcstade | \u00c7i\u011f K\u00f6fte - Nohut D\u00fcr\u00fcm - Pizza Taban\u0131"},"image":{"@id":"https:\/\/ustade.com\/de\/#\/schema\/logo\/image\/"},"sameAs":["https:\/\/www.facebook.com\/ustadecigkoftetr\/","https:\/\/x.com\/ustadecigkofte","https:\/\/www.instagram.com\/ustadelezzetleri\/"]}]}},"_links":{"self":[{"href":"https:\/\/ustade.com\/de\/wp-json\/wp\/v2\/pages\/1783","targetHints":{"allow":["GET"]}}],"collection":[{"href":"https:\/\/ustade.com\/de\/wp-json\/wp\/v2\/pages"}],"about":[{"href":"https:\/\/ustade.com\/de\/wp-json\/wp\/v2\/types\/page"}],"author":[{"embeddable":true,"href":"https:\/\/ustade.com\/de\/wp-json\/wp\/v2\/users\/1"}],"replies":[{"embeddable":true,"href":"https:\/\/ustade.com\/de\/wp-json\/wp\/v2\/comments?post=1783"}],"version-history":[{"count":1,"href":"https:\/\/ustade.com\/de\/wp-json\/wp\/v2\/pages\/1783\/revisions"}],"predecessor-version":[{"id":1784,"href":"https:\/\/ustade.com\/de\/wp-json\/wp\/v2\/pages\/1783\/revisions\/1784"}],"wp:attachment":[{"href":"https:\/\/ustade.com\/de\/wp-json\/wp\/v2\/media?parent=1783"}],"curies":[{"name":"wp","href":"https:\/\/api.w.org\/{rel}","templated":true}]}}