{"id":1773,"date":"2025-10-09T13:07:43","date_gmt":"2025-10-09T10:07:43","guid":{"rendered":"https:\/\/ustade.com\/?page_id=1773"},"modified":"2025-10-09T13:09:31","modified_gmt":"2025-10-09T10:09:31","slug":"datenschutzerklaerung","status":"publish","type":"page","link":"https:\/\/ustade.com\/de\/datenschutzerklaerung\/","title":{"rendered":"Datenschutzerkl\u00e4rung"},"content":{"rendered":"<p><b>Zuletzt aktualisiert am: 9. Oktober 2025<\/b><\/p>\n<p><b>1. Einleitung<\/b> Diese Datenschutzrichtlinie erkl\u00e4rt, wie wir, <b>\u00dcstade \u00c7i\u011f K\u00f6fte<\/b> (\u201e\u00dcstade \u00c7i\u011f K\u00f6fte\u201c oder \u201edas Unternehmen\u201c), Ihre personenbezogenen Daten erfassen, verarbeiten, speichern und sch\u00fctzen, wenn Sie unsere Website besuchen, uns kontaktieren oder unsere Dienstleistungen in Anspruch nehmen. Diese Richtlinie wurde in \u00dcbereinstimmung mit dem Gesetz zum Schutz personenbezogener Daten (Gesetz Nr. 6698, \u201eKVKK\u201c) und den damit verbundenen Rechtsvorschriften erstellt.<\/p>\n<p><b>2. Verantwortliche Stelle (Data Controller)<\/b> Die f\u00fcr die Verarbeitung Ihrer personenbezogenen Daten verantwortliche Stelle ist:<\/p>\n<p><b>\u00dcstade \u00c7i\u011f K\u00f6fte<\/b> <b>Adresse:<\/b> Cevizli Mah. Tugay Yolu Cad. Ofisim \u0130stanbul A Blok No: 20 A \u0130\u00e7 Kap\u0131 No: 33 Maltepe\/ \u0130stanbul<\/p>\n<p><b>Telefon:<\/b> +90 850 377 0 222<\/p>\n<p><b>E-Mail:<\/b> info@ustade.com<\/p>\n<p><b>3. Personenbezogene Daten, die wir erfassen<\/b> Die folgenden personenbezogenen Daten k\u00f6nnen im Rahmen Ihrer Beziehung zu uns \u00fcber unsere Website oder andere Mittel erfasst werden:<\/p>\n<ul>\n<li>\n<p><b>Identit\u00e4tsdaten:<\/b> Name, Nachname.<\/p>\n<\/li>\n<li>\n<p><b>Kontaktdaten:<\/b> E-Mail-Adresse, Telefonnummer, Adresse.<\/p>\n<\/li>\n<li>\n<p><b>Finanzdaten:<\/b> Bankkontonummer, IBAN (falls zutreffend).<\/p>\n<\/li>\n<li>\n<p><b>Unternehmensdaten:<\/b> Gesch\u00e4ftsadresse, Unternehmensinformationen.<\/p>\n<\/li>\n<li>\n<p><b>Cybersicherheitsdaten:<\/b> IP-Adresse, Protokolle \u00fcber den Zugriff auf die Webseite und andere Cybersicherheitsprotokolle.<\/p>\n<\/li>\n<li>\n<p><b>Sonstige Informationen:<\/b> Nachrichten, Anfragen und Feedback, die Sie uns senden.<\/p>\n<\/li>\n<\/ul>\n<p><b>4. Zwecke der Verarbeitung Ihrer personenbezogenen Daten<\/b> Wir verarbeiten die erfassten personenbezogenen Daten zu folgenden Zwecken:<\/p>\n<ul>\n<li>\n<p>Verwaltung von Kundenbeziehungsprozessen und Beantwortung Ihrer Anfragen.<\/p>\n<\/li>\n<li>\n<p>Durchf\u00fchrung von Angebots-, Bestell- und Rechnungsstellungsprozessen.<\/p>\n<\/li>\n<li>\n<p>Bereitstellung von Informationen und Pr\u00e4sentationen \u00fcber unsere Produkte und Dienstleistungen.<\/p>\n<\/li>\n<li>\n<p>Organisation von Versand- und Zollvorg\u00e4ngen.<\/p>\n<\/li>\n<li>\n<p>Gew\u00e4hrleistung der Sicherheit unserer Website und Verhinderung von Cyberangriffen.<\/p>\n<\/li>\n<li>\n<p>Erf\u00fcllung unserer gesetzlichen Verpflichtungen.<\/p>\n<\/li>\n<li>\n<p>Verwaltung der Kommunikation mit unseren kooperierenden Lieferanten und Kunden.<\/p>\n<\/li>\n<\/ul>\n<p><b>5. Weitergabe Ihrer personenbezogenen Daten<\/b> Ihre personenbezogenen Daten k\u00f6nnen zu den oben genannten Zwecken und in \u00dcbereinstimmung mit dem KVKK an die folgenden Personen und Institutionen weitergegeben werden, um unsere gesetzlichen Verpflichtungen zu erf\u00fcllen und unsere Dienstleistungen bereitzustellen und zu verbessern:<\/p>\n<ul>\n<li>\n<p>Unsere kooperierenden Lieferanten und Dienstleister (Versandunternehmen, Zollagenten usw.).<\/p>\n<\/li>\n<li>\n<p>Gesetzlich autorisierte \u00f6ffentliche Institutionen und Organisationen.<\/p>\n<\/li>\n<li>\n<p>Vermittelnde Institutionen, die Buchhaltungs- und Finanztransaktionen durchf\u00fchren (Banken).<\/p>\n<\/li>\n<\/ul>\n<p><b>6. Methoden und Rechtsgrundlagen f\u00fcr die Erfassung Ihrer personenbezogenen Daten<\/b> Ihre personenbezogenen Daten werden \u00fcber Kontaktformulare auf unserer Website, per E-Mail, Telefon und in physischen Umgebungen erfasst. Diese Erfassungst\u00e4tigkeiten basieren auf den folgenden Rechtsgrundlagen, die in Artikel 5 und 6 des KVKK festgelegt sind:<\/p>\n<ul>\n<li>\n<p>Das Vorliegen Ihrer ausdr\u00fccklichen Zustimmung.<\/p>\n<\/li>\n<li>\n<p>Die direkte Notwendigkeit zur Begr\u00fcndung oder Erf\u00fcllung eines Vertrages.<\/p>\n<\/li>\n<li>\n<p>Die Verpflichtung f\u00fcr uns zur Erf\u00fcllung einer gesetzlichen Pflicht.<\/p>\n<\/li>\n<li>\n<p>Die Notwendigkeit der Datenverarbeitung f\u00fcr unsere berechtigten Interessen, sofern Ihre Grundrechte und -freiheiten dadurch nicht beeintr\u00e4chtigt werden.<\/p>\n<\/li>\n<\/ul>\n<p><b>7. Ihre Rechte<\/b> Gem\u00e4\u00df Artikel 11 des KVKK haben Sie folgende Rechte bez\u00fcglich Ihrer personenbezogenen Daten:<\/p>\n<ul>\n<li>\n<p>Zu erfahren, ob Ihre personenbezogenen Daten verarbeitet werden.<\/p>\n<\/li>\n<li>\n<p>Informationen \u00fcber die Verarbeitung anzufordern, falls sie verarbeitet wurden.<\/p>\n<\/li>\n<li>\n<p>Den Zweck der Verarbeitung zu erfahren und zu wissen, ob sie ihrem Zweck entsprechend verwendet wird.<\/p>\n<\/li>\n<li>\n<p>Die Dritten zu erfahren, an die Ihre Daten \u00fcbermittelt werden.<\/p>\n<\/li>\n<li>\n<p>Die Berichtigung zu verlangen, falls Ihre Daten unvollst\u00e4ndig oder falsch verarbeitet wurden.<\/p>\n<\/li>\n<li>\n<p>Die L\u00f6schung oder Vernichtung Ihrer Daten zu verlangen.<\/p>\n<\/li>\n<li>\n<p>Schadensersatz zu verlangen, falls Ihnen Schaden entsteht.<\/p>\n<\/li>\n<\/ul>\n<p>Um diese Rechte auszu\u00fcben, k\u00f6nnen Sie Ihre Anfragen info@ustade.com an E-Mail-Adresse oder schriftlich an unsere oben genannte Postanschrift senden.<\/p>\n","protected":false},"excerpt":{"rendered":"<p>Zuletzt aktualisiert am: 9. Oktober 2025 1. Einleitung Diese Datenschutzrichtlinie erkl\u00e4rt, wie wir, \u00dcstade \u00c7i\u011f K\u00f6fte (\u201e\u00dcstade \u00c7i\u011f K\u00f6fte\u201c oder \u201edas Unternehmen\u201c), Ihre personenbezogenen Daten erfassen, verarbeiten, speichern und sch\u00fctzen, wenn Sie unsere Website besuchen, uns kontaktieren oder unsere Dienstleistungen in Anspruch nehmen. Diese Richtlinie wurde in \u00dcbereinstimmung mit dem Gesetz zum Schutz personenbezogener Daten [&hellip;]<\/p>\n","protected":false},"author":1,"featured_media":0,"parent":0,"menu_order":30,"comment_status":"closed","ping_status":"closed","template":"","meta":{"_acf_changed":false,"footnotes":""},"class_list":["post-1773","page","type-page","status-publish","hentry"],"acf":[],"yoast_head":"<!-- This site is optimized with the Yoast SEO plugin v27.5 - https:\/\/yoast.com\/product\/yoast-seo-wordpress\/ -->\n<title>Datenschutzerkl\u00e4rung - Ustade<\/title>\n<meta name=\"robots\" content=\"index, follow, max-snippet:-1, max-image-preview:large, max-video-preview:-1\" \/>\n<link rel=\"canonical\" href=\"https:\/\/ustade.com\/de\/datenschutzerklaerung\/\" \/>\n<meta property=\"og:locale\" content=\"de_DE\" \/>\n<meta property=\"og:type\" content=\"article\" \/>\n<meta property=\"og:title\" content=\"Datenschutzerkl\u00e4rung - Ustade\" \/>\n<meta property=\"og:description\" content=\"Zuletzt aktualisiert am: 9. Oktober 2025 1. Einleitung Diese Datenschutzrichtlinie erkl\u00e4rt, wie wir, \u00dcstade \u00c7i\u011f K\u00f6fte (\u201e\u00dcstade \u00c7i\u011f K\u00f6fte\u201c oder \u201edas Unternehmen\u201c), Ihre personenbezogenen Daten erfassen, verarbeiten, speichern und sch\u00fctzen, wenn Sie unsere Website besuchen, uns kontaktieren oder unsere Dienstleistungen in Anspruch nehmen. Diese Richtlinie wurde in \u00dcbereinstimmung mit dem Gesetz zum Schutz personenbezogener Daten [&hellip;]\" \/>\n<meta property=\"og:url\" content=\"https:\/\/ustade.com\/de\/datenschutzerklaerung\/\" \/>\n<meta property=\"og:site_name\" content=\"Ustade\" \/>\n<meta property=\"article:publisher\" content=\"https:\/\/www.facebook.com\/ustadecigkoftetr\/\" \/>\n<meta property=\"article:modified_time\" content=\"2025-10-09T10:09:31+00:00\" \/>\n<meta name=\"twitter:card\" content=\"summary_large_image\" \/>\n<meta name=\"twitter:site\" content=\"@ustadecigkofte\" \/>\n<meta name=\"twitter:label1\" content=\"Gesch\u00e4tzte Lesezeit\" \/>\n\t<meta name=\"twitter:data1\" content=\"3\u00a0Minuten\" \/>\n<script type=\"application\/ld+json\" class=\"yoast-schema-graph\">{\"@context\":\"https:\\\/\\\/schema.org\",\"@graph\":[{\"@type\":\"WebPage\",\"@id\":\"https:\\\/\\\/ustade.com\\\/de\\\/datenschutzerklaerung\\\/\",\"url\":\"https:\\\/\\\/ustade.com\\\/de\\\/datenschutzerklaerung\\\/\",\"name\":\"Datenschutzerkl\u00e4rung - Ustade\",\"isPartOf\":{\"@id\":\"https:\\\/\\\/ustade.com\\\/de\\\/#website\"},\"datePublished\":\"2025-10-09T10:07:43+00:00\",\"dateModified\":\"2025-10-09T10:09:31+00:00\",\"breadcrumb\":{\"@id\":\"https:\\\/\\\/ustade.com\\\/de\\\/datenschutzerklaerung\\\/#breadcrumb\"},\"inLanguage\":\"de\",\"potentialAction\":[{\"@type\":\"ReadAction\",\"target\":[\"https:\\\/\\\/ustade.com\\\/de\\\/datenschutzerklaerung\\\/\"]}]},{\"@type\":\"BreadcrumbList\",\"@id\":\"https:\\\/\\\/ustade.com\\\/de\\\/datenschutzerklaerung\\\/#breadcrumb\",\"itemListElement\":[{\"@type\":\"ListItem\",\"position\":1,\"name\":\"Anasayfa\",\"item\":\"https:\\\/\\\/ustade.com\\\/de\\\/home\\\/\"},{\"@type\":\"ListItem\",\"position\":2,\"name\":\"Datenschutzerkl\u00e4rung\"}]},{\"@type\":\"WebSite\",\"@id\":\"https:\\\/\\\/ustade.com\\\/de\\\/#website\",\"url\":\"https:\\\/\\\/ustade.com\\\/de\\\/\",\"name\":\"\u00dcstade | \u00c7i\u011f K\u00f6fte - Nohut D\u00fcr\u00fcm - Pizza Taban\u0131\",\"description\":\"Rohe K\u00f6fte \u2013 Kichererbsen-D\u00fcr\u00fcm \u2013 Pizzaboden\",\"publisher\":{\"@id\":\"https:\\\/\\\/ustade.com\\\/de\\\/#organization\"},\"potentialAction\":[{\"@type\":\"SearchAction\",\"target\":{\"@type\":\"EntryPoint\",\"urlTemplate\":\"https:\\\/\\\/ustade.com\\\/de\\\/?s={search_term_string}\"},\"query-input\":{\"@type\":\"PropertyValueSpecification\",\"valueRequired\":true,\"valueName\":\"search_term_string\"}}],\"inLanguage\":\"de\"},{\"@type\":\"Organization\",\"@id\":\"https:\\\/\\\/ustade.com\\\/de\\\/#organization\",\"name\":\"\u00dcstade | \u00c7i\u011f K\u00f6fte - Nohut D\u00fcr\u00fcm - Pizza Taban\u0131\",\"url\":\"https:\\\/\\\/ustade.com\\\/de\\\/\",\"logo\":{\"@type\":\"ImageObject\",\"inLanguage\":\"de\",\"@id\":\"https:\\\/\\\/ustade.com\\\/de\\\/#\\\/schema\\\/logo\\\/image\\\/\",\"url\":\"https:\\\/\\\/ustade.com\\\/wp-content\\\/uploads\\\/2021\\\/04\\\/logo.svg\",\"contentUrl\":\"https:\\\/\\\/ustade.com\\\/wp-content\\\/uploads\\\/2021\\\/04\\\/logo.svg\",\"width\":316,\"height\":99,\"caption\":\"\u00dcstade | \u00c7i\u011f K\u00f6fte - Nohut D\u00fcr\u00fcm - Pizza Taban\u0131\"},\"image\":{\"@id\":\"https:\\\/\\\/ustade.com\\\/de\\\/#\\\/schema\\\/logo\\\/image\\\/\"},\"sameAs\":[\"https:\\\/\\\/www.facebook.com\\\/ustadecigkoftetr\\\/\",\"https:\\\/\\\/x.com\\\/ustadecigkofte\",\"https:\\\/\\\/www.instagram.com\\\/ustadelezzetleri\\\/\"]}]}<\/script>\n<!-- \/ Yoast SEO plugin. -->","yoast_head_json":{"title":"Datenschutzerkl\u00e4rung - Ustade","robots":{"index":"index","follow":"follow","max-snippet":"max-snippet:-1","max-image-preview":"max-image-preview:large","max-video-preview":"max-video-preview:-1"},"canonical":"https:\/\/ustade.com\/de\/datenschutzerklaerung\/","og_locale":"de_DE","og_type":"article","og_title":"Datenschutzerkl\u00e4rung - Ustade","og_description":"Zuletzt aktualisiert am: 9. Oktober 2025 1. Einleitung Diese Datenschutzrichtlinie erkl\u00e4rt, wie wir, \u00dcstade \u00c7i\u011f K\u00f6fte (\u201e\u00dcstade \u00c7i\u011f K\u00f6fte\u201c oder \u201edas Unternehmen\u201c), Ihre personenbezogenen Daten erfassen, verarbeiten, speichern und sch\u00fctzen, wenn Sie unsere Website besuchen, uns kontaktieren oder unsere Dienstleistungen in Anspruch nehmen. Diese Richtlinie wurde in \u00dcbereinstimmung mit dem Gesetz zum Schutz personenbezogener Daten [&hellip;]","og_url":"https:\/\/ustade.com\/de\/datenschutzerklaerung\/","og_site_name":"Ustade","article_publisher":"https:\/\/www.facebook.com\/ustadecigkoftetr\/","article_modified_time":"2025-10-09T10:09:31+00:00","twitter_card":"summary_large_image","twitter_site":"@ustadecigkofte","twitter_misc":{"Gesch\u00e4tzte Lesezeit":"3\u00a0Minuten"},"schema":{"@context":"https:\/\/schema.org","@graph":[{"@type":"WebPage","@id":"https:\/\/ustade.com\/de\/datenschutzerklaerung\/","url":"https:\/\/ustade.com\/de\/datenschutzerklaerung\/","name":"Datenschutzerkl\u00e4rung - Ustade","isPartOf":{"@id":"https:\/\/ustade.com\/de\/#website"},"datePublished":"2025-10-09T10:07:43+00:00","dateModified":"2025-10-09T10:09:31+00:00","breadcrumb":{"@id":"https:\/\/ustade.com\/de\/datenschutzerklaerung\/#breadcrumb"},"inLanguage":"de","potentialAction":[{"@type":"ReadAction","target":["https:\/\/ustade.com\/de\/datenschutzerklaerung\/"]}]},{"@type":"BreadcrumbList","@id":"https:\/\/ustade.com\/de\/datenschutzerklaerung\/#breadcrumb","itemListElement":[{"@type":"ListItem","position":1,"name":"Anasayfa","item":"https:\/\/ustade.com\/de\/home\/"},{"@type":"ListItem","position":2,"name":"Datenschutzerkl\u00e4rung"}]},{"@type":"WebSite","@id":"https:\/\/ustade.com\/de\/#website","url":"https:\/\/ustade.com\/de\/","name":"\u00dcstade | \u00c7i\u011f K\u00f6fte - Nohut D\u00fcr\u00fcm - Pizza Taban\u0131","description":"Rohe K\u00f6fte \u2013 Kichererbsen-D\u00fcr\u00fcm \u2013 Pizzaboden","publisher":{"@id":"https:\/\/ustade.com\/de\/#organization"},"potentialAction":[{"@type":"SearchAction","target":{"@type":"EntryPoint","urlTemplate":"https:\/\/ustade.com\/de\/?s={search_term_string}"},"query-input":{"@type":"PropertyValueSpecification","valueRequired":true,"valueName":"search_term_string"}}],"inLanguage":"de"},{"@type":"Organization","@id":"https:\/\/ustade.com\/de\/#organization","name":"\u00dcstade | \u00c7i\u011f K\u00f6fte - Nohut D\u00fcr\u00fcm - Pizza Taban\u0131","url":"https:\/\/ustade.com\/de\/","logo":{"@type":"ImageObject","inLanguage":"de","@id":"https:\/\/ustade.com\/de\/#\/schema\/logo\/image\/","url":"https:\/\/ustade.com\/wp-content\/uploads\/2021\/04\/logo.svg","contentUrl":"https:\/\/ustade.com\/wp-content\/uploads\/2021\/04\/logo.svg","width":316,"height":99,"caption":"\u00dcstade | \u00c7i\u011f K\u00f6fte - Nohut D\u00fcr\u00fcm - Pizza Taban\u0131"},"image":{"@id":"https:\/\/ustade.com\/de\/#\/schema\/logo\/image\/"},"sameAs":["https:\/\/www.facebook.com\/ustadecigkoftetr\/","https:\/\/x.com\/ustadecigkofte","https:\/\/www.instagram.com\/ustadelezzetleri\/"]}]}},"_links":{"self":[{"href":"https:\/\/ustade.com\/de\/wp-json\/wp\/v2\/pages\/1773","targetHints":{"allow":["GET"]}}],"collection":[{"href":"https:\/\/ustade.com\/de\/wp-json\/wp\/v2\/pages"}],"about":[{"href":"https:\/\/ustade.com\/de\/wp-json\/wp\/v2\/types\/page"}],"author":[{"embeddable":true,"href":"https:\/\/ustade.com\/de\/wp-json\/wp\/v2\/users\/1"}],"replies":[{"embeddable":true,"href":"https:\/\/ustade.com\/de\/wp-json\/wp\/v2\/comments?post=1773"}],"version-history":[{"count":3,"href":"https:\/\/ustade.com\/de\/wp-json\/wp\/v2\/pages\/1773\/revisions"}],"predecessor-version":[{"id":1776,"href":"https:\/\/ustade.com\/de\/wp-json\/wp\/v2\/pages\/1773\/revisions\/1776"}],"wp:attachment":[{"href":"https:\/\/ustade.com\/de\/wp-json\/wp\/v2\/media?parent=1773"}],"curies":[{"name":"wp","href":"https:\/\/api.w.org\/{rel}","templated":true}]}}